{"id":3397,"date":"2017-09-21T10:56:49","date_gmt":"2017-09-21T07:56:49","guid":{"rendered":"https:\/\/www.evv.ee\/kontakt\/"},"modified":"2024-01-18T17:37:46","modified_gmt":"2024-01-18T15:37:46","slug":"kontakt-2","status":"publish","type":"page","link":"https:\/\/www.evv.ee\/ru\/kontakt-2\/","title":{"rendered":"\u041a\u043e\u043d\u0442\u0430\u043a\u0442\u044b"},"content":{"rendered":"<p>[vc_row full_width=&#187;stretch_row_content&#187; css=&#187;.vc_custom_1507628373246{margin-bottom: 0px !important;padding-bottom: 0px !important;}&#187;][vc_column width=&#187;1\/3&#8243;][vc_column_text css=&#187;.vc_custom_1625217597813{margin-left: 100px !important;}&#187;]<\/p>\n<p style=\"text-align: left;\"><strong>AS Emaj\u00f5e Veev\u00e4rk<\/strong><br \/>\nS\u00f5bra 56 (viies korrus)<br \/>\n50106 Tartu linn, Tartu linn<br \/>\nEESTI<\/p>\n<p>Rg-kood 11044696<br \/>\nTP kood 596413<br \/>\nKMKR nr EE100917417<\/p>\n<p><strong>E-post:<\/strong> &#x65;&#x76;v(\u00e4&#116;)e&#x76;&#x76;&#46;e&#x65;<br \/>\n<strong>Telefon:<\/strong> +372 731 1840 (t\u00f6\u00f6p\u00e4evadel 8.00-12.00 ja 13.00-17.00)<br \/>\n<strong>SEB Pank<\/strong> EE371010220077187014<br \/>\n<strong>Swedbank<\/strong> EE412200221039582491<\/p>\n<p style=\"text-align: left;\"><strong>AS Emaj\u00f5e Veev\u00e4rk Elva kontor <\/strong>(suletud)<br \/>\nPuiestee 13<br \/>\n61504 Elva linn, Elva vald<br \/>\nTartu maakond<br \/>\nEESTI<\/p>\n<p>[\/vc_column_text][\/vc_column][vc_column width=&#187;1\/3&#8243;][vc_column_text]<strong>Veen\u00e4itude teatamine AS Emaj\u00f5e Veev\u00e4rk teeninduspiirkonnas:<\/strong><br \/>\nTelefon: +372 731 1840 (t\u00f6\u00f6p\u00e4evadel 8.00-12.00 ja 13.00-17.00)<br \/>\nE-post: &#x61;&#x72;&#118;es&#x74;&#x69;&#40;\u00e4&#x74;&#x29;&#101;vv&#x2e;&#x65;&#x65;<\/p>\n<p><strong>Avariidest teatamine AS Emaj\u00f5e Veev\u00e4rk teeninduspiirkonnas:<\/strong><br \/>\n+372 51 55077 (24 tundi)<br \/>\n\u00dcldine telefon: +372 731 1840 (t\u00f6\u00f6p\u00e4evadel 8.00-12.00 ja 13.00-17.00)<\/p>\n<p><strong>Purgimisteenustega seotud info AS Emaj\u00f5e Veev\u00e4rk teeninduspiirkonnas:<\/strong><br \/>\nE-post: p&#117;&#x72;&#x67;i&#109;&#x69;&#x6e;e&#40;\u00e4t&#41;&#x65;&#x76;v&#46;&#x65;&#x65;<br \/>\nTelefon: +372 731 1844 (t\u00f6\u00f6p\u00e4evadel 8.00-12.00 ja 13.00-17.00)<\/p>\n<p><strong>AS Emaj\u00f5e Veev\u00e4rk Elva reoveepuhasti<\/strong><br \/>\nElva reoveepuhastusjaam<br \/>\nKurelaane k\u00fcla<br \/>\n61206 Elva vald<br \/>\nTartu maakond<br \/>\nEESTI<\/p>\n<p>[\/vc_column_text][\/vc_column][vc_column width=&#187;1\/3&#8243;][vc_gmaps link=&#187;#E-8_JTNDaWZyYW1lJTIwc3JjJTNEJTIyaHR0cHMlM0ElMkYlMkZ3d3cuZ29vZ2xlLmNvbSUyRm1hcHMlMkZlbWJlZCUzRnBiJTNEJTIxMW0xOCUyMTFtMTIlMjExbTMlMjExZDIwOTIuNjc4MDE3NzQ4MzY1NiUyMTJkMjYuNzQwNTE5MTE2MTY2Njg0JTIxM2Q1OC4zNjUxMDE1OTQ5OTUzOTQlMjEybTMlMjExZjAlMjEyZjAlMjEzZjAlMjEzbTIlMjExaTEwMjQlMjEyaTc2OCUyMTRmMTMuMSUyMTNtMyUyMTFtMiUyMTFzMHg0NmViMzcyOTYyMmUxMzdkJTI1M0EweDU1OTgyNzE1MGY2NzU2MWMlMjEyc1MlMjVDMyUyNUI1YnJhJTJCNTYlMjUyQyUyQjUxMDEzJTJCVGFydHUlMjE1ZTAlMjEzbTIlMjExc2V0JTIxMnNlZSUyMTR2MTUwNzMxNjAyNjI3MCUyMiUyMHdpZHRoJTNEJTIyNjAwJTIyJTIwaGVpZ2h0JTNEJTIyMzUwJTIyJTIwZnJhbWVib3JkZXIlM0QlMjIwJTIyJTIwc3R5bGUlM0QlMjJib3JkZXIlM0EwJTIyJTIwYWxsb3dmdWxsc2NyZWVuJTNFJTNDJTJGaWZyYW1lJTNF&#187;][\/vc_column][\/vc_row][vc_row full_width=&#187;stretch_row&#187; css=&#187;.vc_custom_1485850950590{margin-top: 0px !important;padding-top: 45px !important;padding-bottom: 45px !important;background-color: #f8f9fa !important;}&#187;][vc_column width=&#187;1\/4&#8243;][vc_mad_contact_info_block title=&#187;Andres Aruhein&#187; phone=&#187;+372 731 1848&#8243; mail=&#187;&#x61;&#x6e;&#100;res&#x2e;&#x61;&#x72;&#117;he&#x69;&#x6e;&#x28;\u00e4t&#x29;&#x65;&#x76;&#118;&#46;e&#x65;&#187;]Juhatuse liige[\/vc_mad_contact_info_block][\/vc_column][vc_column width=&#187;1\/4&#8243;][vc_mad_contact_info_block phone=&#187;+372 731 1840&#8243; mail=&#187;evv(\u00e4&#116;&#x29;&#x65;&#x76;&#x76;&#x2e;&#x65;&#x65;&#187; title=&#187;Siiri Baranova&#187;]B\u00fcrooassistent[\/vc_mad_contact_info_block][\/vc_column][vc_column width=&#187;1\/4&#8243;][vc_mad_contact_info_block title=&#187;Evelin Metsa\u00e4\u00e4r&#187; phone=&#187;+372 731 1840&#8243; mail=&#187;k&#x6c;&#x69;e&#x6e;&#x64;i&#x68;&#x61;l&#100;&#x75;r&#40;\u00e4&#116;&#x29;e&#118;&#x76;&#46;e&#x65;&#187;]Kliendihaldur[\/vc_mad_contact_info_block][\/vc_column][vc_column width=&#187;1\/4&#8243;][vc_mad_contact_info_block title=&#187;Indrek Hermandi&#187; phone=&#187;+372 731 1840&#8243; mail=&#187;ind&#114;&#101;&#x6b;&#x2e;&#x68;&#x65;rma&#110;&#100;&#x69;&#x28;\u00e4t)e&#118;&#118;&#x2e;&#x65;&#x65;&#187;]Liitumisspetsialist[\/vc_mad_contact_info_block][\/vc_column][\/vc_row][vc_row full_width=&#187;stretch_row&#187; css=&#187;.vc_custom_1485850950590{margin-top: 0px !important;padding-top: 45px !important;padding-bottom: 45px !important;background-color: #f8f9fa !important;}&#187;][vc_column width=&#187;1\/4&#8243;][vc_mad_contact_info_block title=&#187;Artur Revunov&#187; phone=&#187;+372 731 1840&#8243; mail=&#187;&#x61;&#x72;&#x74;&#117;r&#46;r&#x65;&#x76;&#x75;&#x6e;&#111;v(\u00e4&#x74;&#x29;&#101;&#118;v&#46;e&#x65;&#187;]Tugiteenuste juht[\/vc_mad_contact_info_block][\/vc_column][vc_column width=&#187;1\/4&#8243;][vc_mad_contact_info_block title=&#187;Oliver Sakk&#187; phone=&#187;+372 731 1849&#8243; mail=&#187;&#x6f;&#x6c;&#105;ve&#x72;&#x2e;&#x73;akk&#x28;\u00e4t)&#x65;&#x76;&#x76;&#46;ee&#187;]Anal\u00fc\u00fctik[\/vc_mad_contact_info_block][\/vc_column][vc_column width=&#187;1\/4&#8243;][vc_mad_contact_info_block title=&#187;Reili Toom&#187; phone=&#187;+372 731 1840&#8243; mail=&#187;re&#105;&#x6c;&#x69;&#x2e;&#x74;oo&#109;&#40;\u00e4&#x74;)ev&#118;&#x2e;&#x65;&#x65;&#187;]Raamatupidaja[\/vc_mad_contact_info_block][\/vc_column][vc_column width=&#187;1\/4&#8243;][vc_mad_contact_info_block title=&#187;Olivia Ainso&#187; phone=&#187;+372 731 1841&#8243; mail=&#187;&#x6f;&#x6c;&#x69;&#118;&#105;a&#46;a&#x69;&#x6e;&#x73;&#x6f;&#40;\u00e4t&#x29;&#x65;&#x76;&#x76;&#46;ee&#187;]Spetsialist[\/vc_mad_contact_info_block][\/vc_column][\/vc_row][vc_row full_width=&#187;stretch_row&#187; css=&#187;.vc_custom_1485850950590{margin-top: 0px !important;padding-top: 45px !important;padding-bottom: 45px !important;background-color: #f8f9fa !important;}&#187;][vc_column width=&#187;1\/4&#8243;][vc_mad_contact_info_block title=&#187;Katrin K\u00f5nd&#187; phone=&#187;+372 731 1846&#8243; mail=&#187;&#x6b;&#x61;&#x74;&#114;in&#46;&#x6b;&#x6f;&#x6e;&#x64;&#40;\u00e4t&#x29;&#x65;&#x76;&#118;&#46;ee&#187;]Arendusjuht[\/vc_mad_contact_info_block][\/vc_column][vc_column width=&#187;1\/4&#8243;][vc_mad_contact_info_block title=&#187;Rauno R\u00e4nkel&#187; phone=&#187;+372 731 1847&#8243; mail=&#187;&#114;&#x61;&#117;&#x6e;o&#x2e;r&#x61;n&#x6b;e&#x6c;(\u00e4&#116;&#x29;&#101;&#x76;&#118;&#x2e;e&#x65;&#187;]Peainsener[\/vc_mad_contact_info_block][\/vc_column][vc_column width=&#187;1\/4&#8243;][vc_mad_contact_info_block title=&#187;Margus Sinim\u00e4e&#187; phone=&#187;+372 731 1846&#8243; mail=&#187;marg&#117;&#115;&#x2e;&#x73;&#x69;&#x6e;&#x69;mae(\u00e4&#x74;&#x29;&#x65;&#x76;&#x76;&#46;ee&#187;]Tehniline n\u00f5unik[\/vc_mad_contact_info_block][\/vc_column][vc_column width=&#187;1\/4&#8243;][vc_mad_contact_info_block title=&#187;Maris Tiivoja&#187; phone=&#187;+372 731 2004&#8243; mail=&#187;m&#97;&#x72;&#x69;s&#46;&#x74;&#x69;iv&#111;&#x6a;&#x61;(\u00e4&#x74;)e&#x76;&#x76;&#46;e&#101;&#187;]Geoinfospetsialist[\/vc_mad_contact_info_block][\/vc_column][\/vc_row][vc_row full_width=&#187;stretch_row&#187; css=&#187;.vc_custom_1485850950590{margin-top: 0px !important;padding-top: 45px !important;padding-bottom: 45px !important;background-color: #f8f9fa !important;}&#187;][vc_column width=&#187;1\/4&#8243;][vc_mad_contact_info_block title=&#187;Rainer Spuul&#187; phone=&#187;+372 731 1844&#8243; mail=&#187;&#x72;&#97;i&#x6e;&#x65;&#114;&#46;&#x73;&#x70;&#117;u&#x6c;&#x28;\u00e4&#x74;&#x29;&#101;v&#x76;&#x2e;&#101;e&#187;]Tootmisjuht[\/vc_mad_contact_info_block][\/vc_column][vc_column width=&#187;1\/4&#8243;][vc_mad_contact_info_block title=&#187;Sille Pragi&#187; phone=&#187;+372 731 1844&#8243; mail=&#187;si&#x6c;&#x6c;&#x65;&#46;p&#114;&#x61;&#x67;i(\u00e4&#x74;)e&#118;&#x76;&#x2e;&#x65;e&#187;]Spetsialist-kontroller[\/vc_mad_contact_info_block][\/vc_column][vc_column width=&#187;1\/4&#8243;][vc_mad_contact_info_block title=&#187;Veiko Nukka&#187; phone=&#187;+372 731 1844&#8243; mail=&#187;&#x76;&#101;i&#x6b;&#x6f;&#46;n&#x75;&#x6b;&#107;a&#x28;\u00e4t&#x29;&#x65;vv&#x2e;&#101;e&#187;]Hooldusjuht[\/vc_mad_contact_info_block][\/vc_column][vc_column width=&#187;1\/4&#8243;][vc_mad_contact_info_block title=&#187;Edvin Udras&#187; phone=&#187;+372 731 1840&#8243; mail=&#187;&#x65;&#x64;&#x76;&#105;&#110;&#46;ud&#x72;&#x61;&#x73;&#x28;\u00e4t)&#x65;&#x76;&#x76;&#x2e;&#101;e&#187;]Projektijuht[\/vc_mad_contact_info_block][\/vc_column][\/vc_row][vc_row full_width=&#187;stretch_row&#187; css=&#187;.vc_custom_1485850950590{margin-top: 0px !important;padding-top: 45px !important;padding-bottom: 45px !important;background-color: #f8f9fa !important;}&#187;][vc_column width=&#187;1\/4&#8243;][vc_mad_contact_info_block title=&#187;Diana-Ly Erik&#187; phone=&#187;+372 731 1840&#8243; mail=&#187;&#x64;&#105;an&#x61;&#x6c;y&#46;&#x65;&#x72;ik&#x28;\u00e4t&#x29;&#x65;&#118;v&#x2e;&#x65;&#101;&#187;]Assistent[\/vc_mad_contact_info_block][\/vc_column][vc_column width=&#187;1\/4&#8243;][vc_mad_contact_info_block title=&#187;Kai Kattai&#187; phone=&#187;&#187; mail=&#187;&#187;]Spetsialist-kontroller[\/vc_mad_contact_info_block][\/vc_column][vc_column width=&#187;1\/4&#8243;][vc_mad_contact_info_block title=&#187;K\u00e4di J\u00f5gi&#187; phone=&#187;&#187; mail=&#187;&#187;]Spetsialist[\/vc_mad_contact_info_block][\/vc_column][\/vc_row][vc_row][vc_column][vc_column_text]<\/p>\n<h2>Kirjuta meile<\/h2>\n<p>T\u00e4ida allolevad lahtrid ja saada kiri, vastame esimesel v\u00f5imalusel.[\/vc_column_text]\n<div class=\"wpcf7 no-js\" id=\"wpcf7-f96-o1\" lang=\"en-US\" dir=\"ltr\" data-wpcf7-id=\"96\">\n<div class=\"screen-reader-response\"><p role=\"status\" aria-live=\"polite\" aria-atomic=\"true\"><\/p> <ul><\/ul><\/div>\n<form action=\"\/ru\/wp-json\/wp\/v2\/pages\/3397#wpcf7-f96-o1\" method=\"post\" class=\"wpcf7-form init\" aria-label=\"Contact form\" novalidate=\"novalidate\" data-status=\"init\">\n<div style=\"display: none;\">\n<input type=\"hidden\" name=\"_wpcf7\" value=\"96\" \/>\n<input type=\"hidden\" name=\"_wpcf7_version\" value=\"6.0.6\" \/>\n<input type=\"hidden\" name=\"_wpcf7_locale\" value=\"en_US\" \/>\n<input type=\"hidden\" name=\"_wpcf7_unit_tag\" value=\"wpcf7-f96-o1\" \/>\n<input type=\"hidden\" name=\"_wpcf7_container_post\" value=\"0\" \/>\n<input type=\"hidden\" name=\"_wpcf7_posted_data_hash\" value=\"\" \/>\n<input type=\"hidden\" name=\"_wpcf7_recaptcha_response\" value=\"\" \/>\n<\/div>\n<div class=\"form-style1 fx-cols-2\">\n\t<div class=\"form-column-full\">\n\t\t<p><span class=\"wpcf7-form-control-wrap\" data-name=\"text1\"><input size=\"40\" maxlength=\"400\" class=\"wpcf7-form-control wpcf7-text wpcf7-validates-as-required\" aria-required=\"true\" aria-invalid=\"false\" placeholder=\"Nimi (N\u00f5utud)\" value=\"\" type=\"text\" name=\"text1\" \/><\/span>\n\t\t<\/p>\n\t<\/div>\n\t<div class=\"form-column\">\n\t\t<p><span class=\"wpcf7-form-control-wrap\" data-name=\"text2\"><input size=\"40\" maxlength=\"400\" class=\"wpcf7-form-control wpcf7-email wpcf7-validates-as-required wpcf7-text wpcf7-validates-as-email\" aria-required=\"true\" aria-invalid=\"false\" placeholder=\"E-post (N\u00f5utud)\" value=\"\" type=\"email\" name=\"text2\" \/><\/span>\n\t\t<\/p>\n\t<\/div>\n\t<div class=\"form-column\">\n\t\t<p><span class=\"wpcf7-form-control-wrap\" data-name=\"text3\"><input size=\"40\" maxlength=\"400\" class=\"wpcf7-form-control wpcf7-text\" aria-invalid=\"false\" placeholder=\"Telefon\" value=\"\" type=\"text\" name=\"text3\" \/><\/span>\n\t\t<\/p>\n\t<\/div>\n\t<div class=\"form-column-full\">\n\t\t<p><span class=\"wpcf7-form-control-wrap\" data-name=\"text4\"><textarea cols=\"40\" rows=\"4\" maxlength=\"2000\" class=\"wpcf7-form-control wpcf7-textarea wpcf7-validates-as-required\" aria-required=\"true\" aria-invalid=\"false\" placeholder=\"S\u00f5num (N\u00f5utud)\" name=\"text4\"><\/textarea><\/span>\n\t\t<\/p>\n\t<\/div>\n\t<div class=\"form-column-full\">\n\t\n\t<\/div>\n\t<div class=\"form-column-full\">\n\t\t<p><input class=\"wpcf7-form-control wpcf7-submit has-spinner\" type=\"submit\" value=\"Saada\" \/>\n\t\t<\/p>\n\t<\/div>\n<\/div><div class=\"wpcf7-response-output\" aria-hidden=\"true\"><\/div>\n<\/form>\n<\/div>\n[\/vc_column][\/vc_row]<\/p>\n","protected":false},"excerpt":{"rendered":"<p>[vc_row full_width=&#187;stretch_row_content&#187; css=&#187;.vc_custom_1507628373246{margin-bottom: 0px !important;padding-bottom: 0px !important;}&#187;][vc_column width=&#187;1\/3&#8243;][vc_column_text css=&#187;.vc_custom_1625217597813{margin-left: 100px !important;}&#187;] AS Emaj\u00f5e Veev\u00e4rk S\u00f5bra 56 (viies korrus) 50106 Tartu linn, Tartu linn EESTI Rg-kood 11044696 TP kood 596413 KMKR nr EE100917417 E-post: &#x65;&#x76;&#x76;&#x28;\u00e4&#x74;&#x29;&#x65;&#x76;&#x76;&#x2e;&#x65;&#x65; Telefon: +372 731 1840 (t\u00f6\u00f6p\u00e4evadel 8.00-12.00 ja 13.00-17.00) SEB Pank EE371010220077187014 Swedbank EE412200221039582491 AS Emaj\u00f5e Veev\u00e4rk Elva kontor (suletud) Puiestee 13 [&hellip;]<\/p>\n","protected":false},"author":1,"featured_media":0,"parent":0,"menu_order":0,"comment_status":"closed","ping_status":"closed","template":"","meta":{"footnotes":"","_links_to":"","_links_to_target":""},"class_list":["post-3397","page","type-page","status-publish","hentry"],"yoast_head":"<!-- This site is optimized with the Yoast SEO plugin v24.9 - https:\/\/yoast.com\/wordpress\/plugins\/seo\/ -->\n<title>\u041a\u043e\u043d\u0442\u0430\u043a\u0442\u044b - Emaj\u00f5e Veev\u00e4rk<\/title>\n<meta name=\"robots\" content=\"index, follow, max-snippet:-1, max-image-preview:large, max-video-preview:-1\" \/>\n<link rel=\"canonical\" href=\"https:\/\/www.evv.ee\/kontakt\/\" \/>\n<meta property=\"og:locale\" content=\"ru_RU\" \/>\n<meta property=\"og:type\" content=\"article\" \/>\n<meta property=\"og:title\" content=\"\u041a\u043e\u043d\u0442\u0430\u043a\u0442\u044b - Emaj\u00f5e Veev\u00e4rk\" \/>\n<meta property=\"og:description\" content=\"[vc_row full_width=&#187;stretch_row_content&#187; css=&#187;.vc_custom_1507628373246{margin-bottom: 0px !important;padding-bottom: 0px !important;}&#187;][vc_column width=&#187;1\/3&#8243;][vc_column_text css=&#187;.vc_custom_1625217597813{margin-left: 100px !important;}&#187;] AS Emaj\u00f5e Veev\u00e4rk S\u00f5bra 56 (viies korrus) 50106 Tartu linn, Tartu linn EESTI Rg-kood 11044696 TP kood 596413 KMKR nr EE100917417 E-post: &#101;&#x76;v&#x28;\u00e4t&#041;&#x65;v&#x76;&#046;&#x65;e Telefon: +372 731 1840 (t\u00f6\u00f6p\u00e4evadel 8.00-12.00 ja 13.00-17.00) SEB Pank EE371010220077187014 Swedbank EE412200221039582491 AS Emaj\u00f5e Veev\u00e4rk Elva kontor (suletud) Puiestee 13 [&hellip;]\" \/>\n<meta property=\"og:url\" content=\"https:\/\/www.evv.ee\/kontakt\/\" \/>\n<meta property=\"og:site_name\" content=\"Emaj\u00f5e Veev\u00e4rk\" \/>\n<meta property=\"article:modified_time\" content=\"2024-01-18T15:37:46+00:00\" \/>\n<meta name=\"twitter:card\" content=\"summary_large_image\" \/>\n<meta name=\"twitter:label1\" content=\"Est. reading time\" \/>\n\t<meta name=\"twitter:data1\" content=\"4 \u043c\u0438\u043d\u0443\u0442\u044b\" \/>\n<script type=\"application\/ld+json\" class=\"yoast-schema-graph\">{\"@context\":\"https:\/\/schema.org\",\"@graph\":[{\"@type\":\"WebPage\",\"@id\":\"https:\/\/www.evv.ee\/kontakt\/\",\"url\":\"https:\/\/www.evv.ee\/kontakt\/\",\"name\":\"\u041a\u043e\u043d\u0442\u0430\u043a\u0442\u044b - Emaj\u00f5e Veev\u00e4rk\",\"isPartOf\":{\"@id\":\"https:\/\/www.evv.ee\/#website\"},\"datePublished\":\"2017-09-21T07:56:49+00:00\",\"dateModified\":\"2024-01-18T15:37:46+00:00\",\"breadcrumb\":{\"@id\":\"https:\/\/www.evv.ee\/kontakt\/#breadcrumb\"},\"inLanguage\":\"ru-RU\",\"potentialAction\":[{\"@type\":\"ReadAction\",\"target\":[\"https:\/\/www.evv.ee\/kontakt\/\"]}]},{\"@type\":\"BreadcrumbList\",\"@id\":\"https:\/\/www.evv.ee\/kontakt\/#breadcrumb\",\"itemListElement\":[{\"@type\":\"ListItem\",\"position\":1,\"name\":\"Home\",\"item\":\"https:\/\/www.evv.ee\/\"},{\"@type\":\"ListItem\",\"position\":2,\"name\":\"\u041a\u043e\u043d\u0442\u0430\u043a\u0442\u044b\"}]},{\"@type\":\"WebSite\",\"@id\":\"https:\/\/www.evv.ee\/#website\",\"url\":\"https:\/\/www.evv.ee\/\",\"name\":\"Emaj\u00f5e Veev\u00e4rk\",\"description\":\"Kvaliteetne veeteenus\",\"potentialAction\":[{\"@type\":\"SearchAction\",\"target\":{\"@type\":\"EntryPoint\",\"urlTemplate\":\"https:\/\/www.evv.ee\/?s={search_term_string}\"},\"query-input\":{\"@type\":\"PropertyValueSpecification\",\"valueRequired\":true,\"valueName\":\"search_term_string\"}}],\"inLanguage\":\"ru-RU\"}]}<\/script>\n<!-- \/ Yoast SEO plugin. -->","yoast_head_json":{"title":"\u041a\u043e\u043d\u0442\u0430\u043a\u0442\u044b - Emaj\u00f5e Veev\u00e4rk","robots":{"index":"index","follow":"follow","max-snippet":"max-snippet:-1","max-image-preview":"max-image-preview:large","max-video-preview":"max-video-preview:-1"},"canonical":"https:\/\/www.evv.ee\/kontakt\/","og_locale":"ru_RU","og_type":"article","og_title":"\u041a\u043e\u043d\u0442\u0430\u043a\u0442\u044b - Emaj\u00f5e Veev\u00e4rk","og_description":"[vc_row full_width=&#187;stretch_row_content&#187; css=&#187;.vc_custom_1507628373246{margin-bottom: 0px !important;padding-bottom: 0px !important;}&#187;][vc_column width=&#187;1\/3&#8243;][vc_column_text css=&#187;.vc_custom_1625217597813{margin-left: 100px !important;}&#187;] AS Emaj\u00f5e Veev\u00e4rk S\u00f5bra 56 (viies korrus) 50106 Tartu linn, Tartu linn EESTI Rg-kood 11044696 TP kood 596413 KMKR nr EE100917417 E-post: &#101;&#x76;v&#x28;\u00e4t&#41;&#x65;v&#x76;&#46;&#x65;e Telefon: +372 731 1840 (t\u00f6\u00f6p\u00e4evadel 8.00-12.00 ja 13.00-17.00) SEB Pank EE371010220077187014 Swedbank EE412200221039582491 AS Emaj\u00f5e Veev\u00e4rk Elva kontor (suletud) Puiestee 13 [&hellip;]","og_url":"https:\/\/www.evv.ee\/kontakt\/","og_site_name":"Emaj\u00f5e Veev\u00e4rk","article_modified_time":"2024-01-18T15:37:46+00:00","twitter_card":"summary_large_image","twitter_misc":{"Est. reading time":"4 \u043c\u0438\u043d\u0443\u0442\u044b"},"schema":{"@context":"https:\/\/schema.org","@graph":[{"@type":"WebPage","@id":"https:\/\/www.evv.ee\/kontakt\/","url":"https:\/\/www.evv.ee\/kontakt\/","name":"\u041a\u043e\u043d\u0442\u0430\u043a\u0442\u044b - Emaj\u00f5e Veev\u00e4rk","isPartOf":{"@id":"https:\/\/www.evv.ee\/#website"},"datePublished":"2017-09-21T07:56:49+00:00","dateModified":"2024-01-18T15:37:46+00:00","breadcrumb":{"@id":"https:\/\/www.evv.ee\/kontakt\/#breadcrumb"},"inLanguage":"ru-RU","potentialAction":[{"@type":"ReadAction","target":["https:\/\/www.evv.ee\/kontakt\/"]}]},{"@type":"BreadcrumbList","@id":"https:\/\/www.evv.ee\/kontakt\/#breadcrumb","itemListElement":[{"@type":"ListItem","position":1,"name":"Home","item":"https:\/\/www.evv.ee\/"},{"@type":"ListItem","position":2,"name":"\u041a\u043e\u043d\u0442\u0430\u043a\u0442\u044b"}]},{"@type":"WebSite","@id":"https:\/\/www.evv.ee\/#website","url":"https:\/\/www.evv.ee\/","name":"Emaj\u00f5e Veev\u00e4rk","description":"Kvaliteetne veeteenus","potentialAction":[{"@type":"SearchAction","target":{"@type":"EntryPoint","urlTemplate":"https:\/\/www.evv.ee\/?s={search_term_string}"},"query-input":{"@type":"PropertyValueSpecification","valueRequired":true,"valueName":"search_term_string"}}],"inLanguage":"ru-RU"}]}},"_links":{"self":[{"href":"https:\/\/www.evv.ee\/ru\/wp-json\/wp\/v2\/pages\/3397","targetHints":{"allow":["GET"]}}],"collection":[{"href":"https:\/\/www.evv.ee\/ru\/wp-json\/wp\/v2\/pages"}],"about":[{"href":"https:\/\/www.evv.ee\/ru\/wp-json\/wp\/v2\/types\/page"}],"author":[{"embeddable":true,"href":"https:\/\/www.evv.ee\/ru\/wp-json\/wp\/v2\/users\/1"}],"replies":[{"embeddable":true,"href":"https:\/\/www.evv.ee\/ru\/wp-json\/wp\/v2\/comments?post=3397"}],"version-history":[{"count":29,"href":"https:\/\/www.evv.ee\/ru\/wp-json\/wp\/v2\/pages\/3397\/revisions"}],"predecessor-version":[{"id":9382,"href":"https:\/\/www.evv.ee\/ru\/wp-json\/wp\/v2\/pages\/3397\/revisions\/9382"}],"wp:attachment":[{"href":"https:\/\/www.evv.ee\/ru\/wp-json\/wp\/v2\/media?parent=3397"}],"curies":[{"name":"wp","href":"https:\/\/api.w.org\/{rel}","templated":true}]}}